{"id":18,"date":"2024-10-06T19:19:49","date_gmt":"2024-10-06T19:19:49","guid":{"rendered":"https:\/\/mufabmo.online\/dienstleistungen\/"},"modified":"2026-04-04T17:40:18","modified_gmt":"2026-04-04T17:40:18","slug":"dienstleistungen","status":"publish","type":"page","link":"https:\/\/mufabmo.online\/en\/dienstleistungen\/","title":{"rendered":"Services"},"content":{"rendered":"<div class=\"wp-block-group alignfull has-background-background-color has-background has-global-padding is-layout-constrained wp-container-core-group-is-layout-832022f9 wp-block-group-is-layout-constrained\" style=\"margin-top:0;margin-bottom:0;padding-top:0;padding-right:0;padding-bottom:0;padding-left:0\">\n<div class=\"wp-block-cover alignfull\" style=\"padding-top:0;padding-right:var(--wp--preset--spacing--30);padding-bottom:0;padding-left:var(--wp--preset--spacing--30);min-height:50px;aspect-ratio:unset;\"><img loading=\"lazy\" decoding=\"async\" width=\"1280\" height=\"1920\" class=\"wp-block-cover__image-background wp-image-29\" alt=\"\" src=\"https:\/\/mufabmo.online\/wp-content\/uploads\/2024\/10\/e5b38bd2b56e75639fc7bfaee11bb1049adfd1f8.jpg\" data-object-fit=\"cover\" srcset=\"https:\/\/mufabmo.online\/wp-content\/uploads\/2024\/10\/e5b38bd2b56e75639fc7bfaee11bb1049adfd1f8.jpg 1280w, https:\/\/mufabmo.online\/wp-content\/uploads\/2024\/10\/e5b38bd2b56e75639fc7bfaee11bb1049adfd1f8-200x300.jpg 200w, https:\/\/mufabmo.online\/wp-content\/uploads\/2024\/10\/e5b38bd2b56e75639fc7bfaee11bb1049adfd1f8-683x1024.jpg 683w, https:\/\/mufabmo.online\/wp-content\/uploads\/2024\/10\/e5b38bd2b56e75639fc7bfaee11bb1049adfd1f8-768x1152.jpg 768w, https:\/\/mufabmo.online\/wp-content\/uploads\/2024\/10\/e5b38bd2b56e75639fc7bfaee11bb1049adfd1f8-1024x1536.jpg 1024w\" sizes=\"auto, (max-width: 1280px) 100vw, 1280px\" \/><span aria-hidden=\"true\" class=\"wp-block-cover__background has-black-background-color has-background-dim-60 has-background-dim\"><\/span><div class=\"wp-block-cover__inner-container is-layout-flow wp-block-cover-is-layout-flow\">\n<div class=\"wp-block-group has-global-padding is-layout-constrained wp-block-group-is-layout-constrained\" style=\"padding-top:var(--wp--preset--spacing--60);padding-bottom:var(--wp--preset--spacing--60)\">\n<div class=\"wp-block-group alignwide has-global-padding is-content-justification-left is-layout-constrained wp-container-core-group-is-layout-12dd3699 wp-block-group-is-layout-constrained\">\n<h1 class=\"wp-block-heading alignfull has-text-color has-background has-x-large-font-size\" style=\"color:#fffffffc;background-color:#ffffff00;padding-top:0;padding-right:0;padding-bottom:0;padding-left:0\">Find the practice that fits you<\/h1>\n\n\n\n<p class=\"has-text-color\" style=\"color:#fffffffc;margin-top:16px\">At mufabmo, you\u2019ll find calm and simple yoga offerings that help you reconnect with your body and mind.<\/p>\n<\/div>\n<\/div>\n<\/div><\/div>\n<\/div>\n\n\n\n<div class=\"wp-block-group alignfull has-tertiary-background-color has-background has-global-padding is-layout-constrained wp-container-core-group-is-layout-7276a2bb wp-block-group-is-layout-constrained\" id=\"dienstleistungen\" style=\"margin-top:0;margin-bottom:0;padding-top:var(--wp--preset--spacing--60);padding-right:var(--wp--preset--spacing--30);padding-bottom:var(--wp--preset--spacing--60);padding-left:var(--wp--preset--spacing--30)\">\n<div class=\"wp-block-group alignwide has-global-padding is-content-justification-left is-layout-constrained wp-container-core-group-is-layout-8b4c372c wp-block-group-is-layout-constrained\">\n<h2 class=\"wp-block-heading has-tertiary-background-color has-background has-large-font-size\" style=\"padding-top:0;padding-right:0;padding-bottom:0;padding-left:0\"><strong>A thoughtfully curated yoga program for body and mind.<\/strong><\/h2>\n\n\n\n<p style=\"margin-top:16px\">Our classes are designed to help you build a yoga practice you can take anywhere \u2014 whether in a hotel room, in the park, by the ocean, or on a mountain summit. You\u2019ll learn simple and effective techniques that allow you to practice wherever life takes you.\n\nTo create a truly personal experience, all classes are intentionally kept small, with a maximum of six participants. This allows for individual guidance, personal feedback, and a supportive atmosphere where you can grow in your practice with confidence.<\/p>\n<\/div>\n\n\n\n<div class=\"wp-block-columns alignwide are-vertically-aligned-top is-layout-flex wp-container-core-columns-is-layout-08c01c1c wp-block-columns-is-layout-flex\">\n<div class=\"wp-block-column is-vertically-aligned-top is-layout-flow wp-block-column-is-layout-flow\">\n<div class=\"wp-block-group has-global-padding is-layout-constrained wp-block-group-is-layout-constrained\">\n<h3 class=\"wp-block-heading has-tertiary-background-color has-background\" style=\"padding-top:0;padding-right:0;padding-bottom:0;padding-left:0;font-size:clamp(14px, 0.875rem + ((1vw - 3.2px) * 0.625), 20px);line-height:1.5\"><strong>Hatha Yoga (gentle &amp; mindful)<\/strong><\/h3>\n\n\n\n<p class=\"has-small-font-size\" style=\"margin-top:8px\">Slow, guided movement combined with breath.<br>Ideal if you want to reconnect with your body and move with awareness.<\/p>\n<\/div>\n\n\n\n<div class=\"wp-block-group has-global-padding is-layout-constrained wp-block-group-is-layout-constrained\">\n<h3 class=\"wp-block-heading has-tertiary-background-color has-background\" style=\"padding-top:0;padding-right:0;padding-bottom:0;padding-left:0;font-size:clamp(14px, 0.875rem + ((1vw - 3.2px) * 0.625), 20px);line-height:1.5\"><strong>Yin Yoga<\/strong><\/h3>\n\n\n\n<p class=\"has-small-font-size\" style=\"margin-top:8px\">Slow, still and deep.<br>Postures are held longer, giving your body time to release tension.<\/p>\n<\/div>\n\n\n\n<div class=\"wp-block-group has-global-padding is-layout-constrained wp-block-group-is-layout-constrained\">\n<h3 class=\"wp-block-heading has-tertiary-background-color has-background\" style=\"padding-top:0;padding-right:0;padding-bottom:0;padding-left:0;font-size:clamp(14px, 0.875rem + ((1vw - 3.2px) * 0.625), 20px);line-height:1.5\"><strong>Restorative Yoga<\/strong><\/h3>\n\n\n\n<p class=\"has-small-font-size\" style=\"margin-top:8px\">Deep relaxation with fully supported poses.<br>Perfect to slow down and recharge.<\/p>\n\n\n\n<h3 class=\"wp-block-heading has-tertiary-background-color has-background\" style=\"padding-top:0;padding-right:0;padding-bottom:0;padding-left:0;font-size:clamp(14px, 0.875rem + ((1vw - 3.2px) * 0.625), 20px);line-height:1.5\"><strong>Workshops &amp; Retreats<\/strong><\/h3>\n\n\n\n<p>More time, more space, more calm.<br>Deepen your practice, step away from everyday life and experience yoga in a calm, personal setting.<\/p>\n<\/div>\n<\/div>\n\n\n\n<div class=\"wp-block-column is-vertically-aligned-top is-layout-flow wp-block-column-is-layout-flow\">\n<figure class=\"wp-block-image size-large ext-aspect-landscape\"><img loading=\"lazy\" decoding=\"async\" width=\"1024\" height=\"683\" src=\"https:\/\/mufabmo.online\/wp-content\/uploads\/2026\/03\/ChatGPT-Image-29.-Maerz-2026-14_05_03-1024x683.png\" alt=\"\" class=\"wp-image-403\" style=\"aspect-ratio:4\/3;object-fit:cover\" srcset=\"https:\/\/mufabmo.online\/wp-content\/uploads\/2026\/03\/ChatGPT-Image-29.-Maerz-2026-14_05_03-1024x683.png 1024w, https:\/\/mufabmo.online\/wp-content\/uploads\/2026\/03\/ChatGPT-Image-29.-Maerz-2026-14_05_03-300x200.png 300w, https:\/\/mufabmo.online\/wp-content\/uploads\/2026\/03\/ChatGPT-Image-29.-Maerz-2026-14_05_03-768x512.png 768w, https:\/\/mufabmo.online\/wp-content\/uploads\/2026\/03\/ChatGPT-Image-29.-Maerz-2026-14_05_03-18x12.png 18w, https:\/\/mufabmo.online\/wp-content\/uploads\/2026\/03\/ChatGPT-Image-29.-Maerz-2026-14_05_03.png 1536w\" sizes=\"auto, (max-width: 1024px) 100vw, 1024px\" \/><\/figure>\n<\/div>\n<\/div>\n<\/div>\n\n\n\n<div class=\"wp-block-group alignfull has-background-background-color has-background has-global-padding is-layout-constrained wp-container-core-group-is-layout-7276a2bb wp-block-group-is-layout-constrained\" id=\"veranstaltungen\" style=\"margin-top:0;margin-bottom:0;padding-top:var(--wp--preset--spacing--60);padding-right:var(--wp--preset--spacing--30);padding-bottom:var(--wp--preset--spacing--60);padding-left:var(--wp--preset--spacing--30)\">\n<div class=\"wp-block-group alignwide has-global-padding is-content-justification-left is-layout-constrained wp-container-core-group-is-layout-8b4c372c wp-block-group-is-layout-constrained\">\n<h3 class=\"wp-block-heading\"><strong>What do you need today?<\/strong><\/h3>\n<\/div>\n\n\n\n<div class=\"wp-block-columns alignwide is-layout-flex wp-container-core-columns-is-layout-5b525043 wp-block-columns-is-layout-flex\">\n<div class=\"wp-block-column is-layout-flow wp-block-column-is-layout-flow\">\n<figure class=\"wp-block-image size-large ext-aspect-landscape\"><img loading=\"lazy\" decoding=\"async\" width=\"683\" height=\"1024\" src=\"https:\/\/mufabmo.online\/wp-content\/uploads\/2026\/03\/ChatGPT-Image-29.-Maerz-2026-14_00_54-1-683x1024.png\" alt=\"\" class=\"wp-image-428\" style=\"aspect-ratio:4\/3;object-fit:cover\" srcset=\"https:\/\/mufabmo.online\/wp-content\/uploads\/2026\/03\/ChatGPT-Image-29.-Maerz-2026-14_00_54-1-683x1024.png 683w, https:\/\/mufabmo.online\/wp-content\/uploads\/2026\/03\/ChatGPT-Image-29.-Maerz-2026-14_00_54-1-200x300.png 200w, https:\/\/mufabmo.online\/wp-content\/uploads\/2026\/03\/ChatGPT-Image-29.-Maerz-2026-14_00_54-1-768x1152.png 768w, https:\/\/mufabmo.online\/wp-content\/uploads\/2026\/03\/ChatGPT-Image-29.-Maerz-2026-14_00_54-1-8x12.png 8w, https:\/\/mufabmo.online\/wp-content\/uploads\/2026\/03\/ChatGPT-Image-29.-Maerz-2026-14_00_54-1.png 1024w\" sizes=\"auto, (max-width: 683px) 100vw, 683px\" \/><\/figure>\n\n\n\n<h3 class=\"wp-block-heading\" style=\"margin-top:24px;font-size:clamp(14px, 0.875rem + ((1vw - 3.2px) * 0.625), 20px);line-height:1.5\"><strong>Hatha Yoga (gentle &amp; mindful)<\/strong><\/h3>\n\n\n\n<p>Slow, guided movement that brings you back into your body step by step.<\/p>\n\n\n\n<p>\ud83d\udc49 Ideal if you sit a lot or want to start again<\/p>\n\n\n\n<div class=\"wp-block-buttons is-layout-flex wp-block-buttons-is-layout-flex\">\n<div class=\"wp-block-button\"><a class=\"wp-block-button__link wp-element-button\" href=\"https:\/\/mufabmo.online\/en\/buchung\/\"><strong>Book Hatha Yoga<\/strong><\/a><\/div>\n<\/div>\n<\/div>\n\n\n\n<div class=\"wp-block-column is-layout-flow wp-block-column-is-layout-flow\">\n<figure class=\"wp-block-image size-full\"><img loading=\"lazy\" decoding=\"async\" width=\"1024\" height=\"768\" src=\"https:\/\/mufabmo.online\/wp-content\/uploads\/2026\/04\/a-blond-women-doing-hatha-yoga.png\" alt=\"\" class=\"wp-image-449\" srcset=\"https:\/\/mufabmo.online\/wp-content\/uploads\/2026\/04\/a-blond-women-doing-hatha-yoga.png 1024w, https:\/\/mufabmo.online\/wp-content\/uploads\/2026\/04\/a-blond-women-doing-hatha-yoga-300x225.png 300w, https:\/\/mufabmo.online\/wp-content\/uploads\/2026\/04\/a-blond-women-doing-hatha-yoga-768x576.png 768w, https:\/\/mufabmo.online\/wp-content\/uploads\/2026\/04\/a-blond-women-doing-hatha-yoga-16x12.png 16w\" sizes=\"auto, (max-width: 1024px) 100vw, 1024px\" \/><\/figure>\n\n\n\n<h3 class=\"wp-block-heading\" style=\"margin-top:24px;font-size:clamp(14px, 0.875rem + ((1vw - 3.2px) * 0.625), 20px);line-height:1.5\"><strong>Yin Yoga<\/strong><\/h3>\n\n\n\n<p>Slow, still and deep.<br>You stay longer in each pose, giving your body time to let go.<\/p>\n\n\n\n<p>\ud83d\udc49 Ideal after a long, busy day<\/p>\n\n\n\n<div class=\"wp-block-buttons is-layout-flex wp-block-buttons-is-layout-flex\">\n<div class=\"wp-block-button\"><a class=\"wp-block-button__link wp-element-button\" href=\"https:\/\/mufabmo.online\/en\/buchung\/\"><strong>Book Yin Yoga<\/strong><\/a><\/div>\n<\/div>\n<\/div>\n\n\n\n<div class=\"wp-block-column is-layout-flow wp-block-column-is-layout-flow\">\n<figure class=\"wp-block-image size-large ext-aspect-landscape\"><img loading=\"lazy\" decoding=\"async\" width=\"1024\" height=\"683\" src=\"https:\/\/mufabmo.online\/wp-content\/uploads\/2026\/04\/ChatGPT-Image-29.-Maerz-2026-14_02_32-1024x683.png\" alt=\"\" class=\"wp-image-450\" style=\"aspect-ratio:4\/3;object-fit:cover\" srcset=\"https:\/\/mufabmo.online\/wp-content\/uploads\/2026\/04\/ChatGPT-Image-29.-Maerz-2026-14_02_32-1024x683.png 1024w, https:\/\/mufabmo.online\/wp-content\/uploads\/2026\/04\/ChatGPT-Image-29.-Maerz-2026-14_02_32-300x200.png 300w, https:\/\/mufabmo.online\/wp-content\/uploads\/2026\/04\/ChatGPT-Image-29.-Maerz-2026-14_02_32-768x512.png 768w, https:\/\/mufabmo.online\/wp-content\/uploads\/2026\/04\/ChatGPT-Image-29.-Maerz-2026-14_02_32-18x12.png 18w, https:\/\/mufabmo.online\/wp-content\/uploads\/2026\/04\/ChatGPT-Image-29.-Maerz-2026-14_02_32.png 1536w\" sizes=\"auto, (max-width: 1024px) 100vw, 1024px\" \/><\/figure>\n\n\n\n<h3 class=\"wp-block-heading\" style=\"margin-top:24px;font-size:clamp(14px, 0.875rem + ((1vw - 3.2px) * 0.625), 20px);line-height:1.5\"><strong>Restorative Yoga<\/strong><\/h3>\n\n\n\n<p>Deep relaxation with fully supported poses.<br>You don\u2019t have to do anything \u2013 just let go.<\/p>\n\n\n\n<p>\ud83d\udc49 Ideal when you\u2019re low on energy<\/p>\n\n\n\n<div class=\"wp-block-buttons is-layout-flex wp-block-buttons-is-layout-flex\">\n<div class=\"wp-block-button\"><a class=\"wp-block-button__link wp-element-button\" href=\"https:\/\/mufabmo.online\/en\/buchung\/\"><strong>Book Restorative Yoga<\/strong><\/a><\/div>\n<\/div>\n<\/div>\n<\/div>\n<\/div>\n\n\n\n<p><\/p>","protected":false},"excerpt":{"rendered":"<p>Unser ausgew\u00e4hltes Yoga-Programm f\u00fcr K\u00f6rper und Seele. Unsere Kurse sind darauf ausgelegt, dir eine Yoga-Praxis zu vermitteln, die du \u00fcberall hin mitnehmen kannst \u2013 ob im Hotelzimmer, im Park oder auf dem Berggipfel. Alle Kurse sind f\u00fcr kleine Gruppen von maximal 6 Personen konzipiert, damit du dich sicher und gut betreut f\u00fchlst. Hatha Yoga (sanft [&hellip;]<\/p>\n","protected":false},"author":3,"featured_media":0,"parent":0,"menu_order":0,"comment_status":"closed","ping_status":"closed","template":"no-title","meta":{"footnotes":""},"class_list":["post-18","page","type-page","status-publish","hentry"],"jetpack_sharing_enabled":true,"_links":{"self":[{"href":"https:\/\/mufabmo.online\/en\/wp-json\/wp\/v2\/pages\/18","targetHints":{"allow":["GET"]}}],"collection":[{"href":"https:\/\/mufabmo.online\/en\/wp-json\/wp\/v2\/pages"}],"about":[{"href":"https:\/\/mufabmo.online\/en\/wp-json\/wp\/v2\/types\/page"}],"author":[{"embeddable":true,"href":"https:\/\/mufabmo.online\/en\/wp-json\/wp\/v2\/users\/3"}],"replies":[{"embeddable":true,"href":"https:\/\/mufabmo.online\/en\/wp-json\/wp\/v2\/comments?post=18"}],"version-history":[{"count":10,"href":"https:\/\/mufabmo.online\/en\/wp-json\/wp\/v2\/pages\/18\/revisions"}],"predecessor-version":[{"id":455,"href":"https:\/\/mufabmo.online\/en\/wp-json\/wp\/v2\/pages\/18\/revisions\/455"}],"wp:attachment":[{"href":"https:\/\/mufabmo.online\/en\/wp-json\/wp\/v2\/media?parent=18"}],"curies":[{"name":"wp","href":"https:\/\/api.w.org\/{rel}","templated":true}]}}