{"id":235,"date":"2024-11-25T20:46:17","date_gmt":"2024-11-25T20:46:17","guid":{"rendered":"https:\/\/mufabmo.online\/?page_id=235"},"modified":"2024-11-25T21:24:52","modified_gmt":"2024-11-25T21:24:52","slug":"das-studio","status":"publish","type":"page","link":"https:\/\/mufabmo.online\/en\/start\/das-studio\/","title":{"rendered":"The studio"},"content":{"rendered":"<div class=\"wp-block-group alignfull has-background-background-color has-background has-global-padding is-layout-constrained wp-container-core-group-is-layout-7276a2bb wp-block-group-is-layout-constrained\" style=\"margin-top:0;margin-bottom:0;padding-top:var(--wp--preset--spacing--60);padding-right:var(--wp--preset--spacing--30);padding-bottom:var(--wp--preset--spacing--60);padding-left:var(--wp--preset--spacing--30)\">\n<div class=\"wp-block-group alignwide has-global-padding is-content-justification-left is-layout-constrained wp-container-core-group-is-layout-8b4c372c wp-block-group-is-layout-constrained\">\n<h2 class=\"wp-block-heading has-text-align-left has-large-font-size\">You can find our small studio here:<\/h2>\n\n\n\n<p class=\"has-text-align-left\" style=\"margin-top:16px\">Hauptstr. 106, 91054 Erlangen in the back of the building<\/p>\n<\/div>\n\n\n\n<div class=\"wp-block-columns alignwide is-layout-flex wp-container-core-columns-is-layout-08c01c1c wp-block-columns-is-layout-flex\">\n<div class=\"wp-block-column is-layout-flow wp-container-core-column-is-layout-119bc444 wp-block-column-is-layout-flow\">\n<div class=\"wp-block-media-text is-stacked-on-mobile is-image-fill-element\" style=\"grid-template-columns:40% auto\"><figure class=\"wp-block-media-text__media\"><img loading=\"lazy\" decoding=\"async\" width=\"768\" height=\"1024\" src=\"https:\/\/mufabmo.online\/wp-content\/uploads\/2024\/11\/20241124_130328-768x1024.jpg\" alt=\"\" class=\"wp-image-237 size-full\" style=\"object-position:50% 50%\" srcset=\"https:\/\/mufabmo.online\/wp-content\/uploads\/2024\/11\/20241124_130328-768x1024.jpg 768w, https:\/\/mufabmo.online\/wp-content\/uploads\/2024\/11\/20241124_130328-225x300.jpg 225w, https:\/\/mufabmo.online\/wp-content\/uploads\/2024\/11\/20241124_130328-1152x1536.jpg 1152w, https:\/\/mufabmo.online\/wp-content\/uploads\/2024\/11\/20241124_130328-1536x2048.jpg 1536w, https:\/\/mufabmo.online\/wp-content\/uploads\/2024\/11\/20241124_130328-scaled.jpg 1920w\" sizes=\"auto, (max-width: 768px) 100vw, 768px\" \/><\/figure><div class=\"wp-block-media-text__content\">\n<div class=\"wp-block-group has-global-padding is-layout-constrained wp-block-group-is-layout-constrained\" style=\"padding-top:var(--wp--preset--spacing--30);padding-bottom:var(--wp--preset--spacing--30)\">\n<h3 class=\"wp-block-heading\" style=\"font-size:clamp(1.119rem, 1.119rem + ((1vw - 0.2rem) * 1.052), 1.75rem);line-height:1.5\">Entrance<\/h3>\n\n\n\n<p class=\"has-small-font-size\" style=\"margin-top:12px\">On the left side, you will see a large doorbell sign labeled \u201cmufabmo Yoga.\u201d Please pass through both glass doors to enter the courtyard, where you can also park your bicycles.<\/p>\n<\/div>\n<\/div><\/div>\n\n\n\n<div class=\"wp-block-media-text is-stacked-on-mobile is-image-fill-element\" style=\"grid-template-columns:40% auto\"><figure class=\"wp-block-media-text__media\"><img loading=\"lazy\" decoding=\"async\" width=\"768\" height=\"1024\" src=\"https:\/\/mufabmo.online\/wp-content\/uploads\/2024\/11\/20241124_1303580-768x1024.jpg\" alt=\"\" class=\"wp-image-238 size-full\" style=\"object-position:50% 50%\" srcset=\"https:\/\/mufabmo.online\/wp-content\/uploads\/2024\/11\/20241124_1303580-768x1024.jpg 768w, https:\/\/mufabmo.online\/wp-content\/uploads\/2024\/11\/20241124_1303580-225x300.jpg 225w, https:\/\/mufabmo.online\/wp-content\/uploads\/2024\/11\/20241124_1303580-1152x1536.jpg 1152w, https:\/\/mufabmo.online\/wp-content\/uploads\/2024\/11\/20241124_1303580-1536x2048.jpg 1536w, https:\/\/mufabmo.online\/wp-content\/uploads\/2024\/11\/20241124_1303580-scaled.jpg 1920w\" sizes=\"auto, (max-width: 768px) 100vw, 768px\" \/><\/figure><div class=\"wp-block-media-text__content\">\n<div class=\"wp-block-group has-global-padding is-layout-constrained wp-block-group-is-layout-constrained\" style=\"padding-top:var(--wp--preset--spacing--30);padding-bottom:var(--wp--preset--spacing--30)\">\n<h3 class=\"wp-block-heading\" style=\"font-size:clamp(1.119rem, 1.119rem + ((1vw - 0.2rem) * 1.052), 1.75rem);line-height:1.5\">Backyard<\/h3>\n\n\n\n<p class=\"has-small-font-size\" style=\"margin-top:12px\">At the back on the left, you will find the entrance to the building where the studio is located. On the right side, there is space to park your bicycles.<\/p>\n<\/div>\n<\/div><\/div>\n<\/div>\n\n\n\n<div class=\"wp-block-column is-layout-flow wp-container-core-column-is-layout-119bc444 wp-block-column-is-layout-flow\">\n<div class=\"wp-block-media-text is-stacked-on-mobile is-image-fill-element\" style=\"grid-template-columns:40% auto\"><figure class=\"wp-block-media-text__media\"><img loading=\"lazy\" decoding=\"async\" width=\"768\" height=\"1024\" src=\"https:\/\/mufabmo.online\/wp-content\/uploads\/2024\/11\/20241124_130402-768x1024.jpg\" alt=\"\" class=\"wp-image-239 size-full\" style=\"object-position:50% 50%\" srcset=\"https:\/\/mufabmo.online\/wp-content\/uploads\/2024\/11\/20241124_130402-768x1024.jpg 768w, https:\/\/mufabmo.online\/wp-content\/uploads\/2024\/11\/20241124_130402-225x300.jpg 225w, https:\/\/mufabmo.online\/wp-content\/uploads\/2024\/11\/20241124_130402-1152x1536.jpg 1152w, https:\/\/mufabmo.online\/wp-content\/uploads\/2024\/11\/20241124_130402-1536x2048.jpg 1536w, https:\/\/mufabmo.online\/wp-content\/uploads\/2024\/11\/20241124_130402-scaled.jpg 1920w\" sizes=\"auto, (max-width: 768px) 100vw, 768px\" \/><\/figure><div class=\"wp-block-media-text__content\">\n<div class=\"wp-block-group has-global-padding is-layout-constrained wp-block-group-is-layout-constrained\" style=\"padding-top:var(--wp--preset--spacing--30);padding-bottom:var(--wp--preset--spacing--30)\">\n<h3 class=\"wp-block-heading\" style=\"font-size:clamp(1.119rem, 1.119rem + ((1vw - 0.2rem) * 1.052), 1.75rem);line-height:1.5\">Entramce to the building<\/h3>\n\n\n\n<p class=\"has-small-font-size\" style=\"margin-top:12px\">Here you will also find a doorbell labeled \u201cmufabmo Yoga.\u201d From there, take the stairs down, and the studio is on the left.<\/p>\n<\/div>\n<\/div><\/div>\n\n\n\n<div class=\"wp-block-media-text is-stacked-on-mobile is-image-fill-element\" style=\"grid-template-columns:40% auto\"><figure class=\"wp-block-media-text__media\"><img loading=\"lazy\" decoding=\"async\" width=\"768\" height=\"1024\" src=\"https:\/\/mufabmo.online\/wp-content\/uploads\/2024\/11\/20241124_154322-768x1024.jpg\" alt=\"\" class=\"wp-image-240 size-full\" style=\"object-position:50% 50%\" srcset=\"https:\/\/mufabmo.online\/wp-content\/uploads\/2024\/11\/20241124_154322-768x1024.jpg 768w, https:\/\/mufabmo.online\/wp-content\/uploads\/2024\/11\/20241124_154322-225x300.jpg 225w, https:\/\/mufabmo.online\/wp-content\/uploads\/2024\/11\/20241124_154322-1152x1536.jpg 1152w, https:\/\/mufabmo.online\/wp-content\/uploads\/2024\/11\/20241124_154322-1536x2048.jpg 1536w, https:\/\/mufabmo.online\/wp-content\/uploads\/2024\/11\/20241124_154322-scaled.jpg 1920w\" sizes=\"auto, (max-width: 768px) 100vw, 768px\" \/><\/figure><div class=\"wp-block-media-text__content\">\n<div class=\"wp-block-group has-global-padding is-layout-constrained wp-block-group-is-layout-constrained\" style=\"padding-top:var(--wp--preset--spacing--30);padding-bottom:var(--wp--preset--spacing--30)\">\n<h3 class=\"wp-block-heading\" style=\"font-size:clamp(1.119rem, 1.119rem + ((1vw - 0.2rem) * 1.052), 1.75rem);line-height:1.5\">The studio<\/h3>\n\n\n\n<p class=\"has-small-font-size\" style=\"margin-top:12px\">The studio is located on the lower level. Once the class has started, the doorbell will be turned off and it will no longer be possible to join the session. This helps maintain a calm and relaxed atmosphere during the class.<\/p>\n<\/div>\n<\/div><\/div>\n<\/div>\n<\/div>\n<\/div>","protected":false},"excerpt":{"rendered":"<p>Unser kleines Studio findet ihr hier: Hauptstr. 106, 91054 Erlangen im Hintergeb\u00e4ude Haust\u00fcre Auf der linken Seite findet ihr ein gro\u00dfes Klingelschild mit mufabmo Yoga. Ihr m\u00fcsst durch beide Glast\u00fcren und kommt dann in einen Innenhof, in dem ihr auch Fahrr\u00e4der abstellen k\u00f6nnt. Hof Hinten links befindet sich der Eingang zum Geb\u00e4ude, in dem sich [&hellip;]<\/p>\n","protected":false},"author":3,"featured_media":0,"parent":19,"menu_order":0,"comment_status":"closed","ping_status":"closed","template":"","meta":{"footnotes":""},"class_list":["post-235","page","type-page","status-publish","hentry"],"jetpack_sharing_enabled":true,"_links":{"self":[{"href":"https:\/\/mufabmo.online\/en\/wp-json\/wp\/v2\/pages\/235","targetHints":{"allow":["GET"]}}],"collection":[{"href":"https:\/\/mufabmo.online\/en\/wp-json\/wp\/v2\/pages"}],"about":[{"href":"https:\/\/mufabmo.online\/en\/wp-json\/wp\/v2\/types\/page"}],"author":[{"embeddable":true,"href":"https:\/\/mufabmo.online\/en\/wp-json\/wp\/v2\/users\/3"}],"replies":[{"embeddable":true,"href":"https:\/\/mufabmo.online\/en\/wp-json\/wp\/v2\/comments?post=235"}],"version-history":[{"count":2,"href":"https:\/\/mufabmo.online\/en\/wp-json\/wp\/v2\/pages\/235\/revisions"}],"predecessor-version":[{"id":242,"href":"https:\/\/mufabmo.online\/en\/wp-json\/wp\/v2\/pages\/235\/revisions\/242"}],"up":[{"embeddable":true,"href":"https:\/\/mufabmo.online\/en\/wp-json\/wp\/v2\/pages\/19"}],"wp:attachment":[{"href":"https:\/\/mufabmo.online\/en\/wp-json\/wp\/v2\/media?parent=235"}],"curies":[{"name":"wp","href":"https:\/\/api.w.org\/{rel}","templated":true}]}}